{"id":96,"date":"2020-05-06T10:51:10","date_gmt":"2020-05-06T10:51:10","guid":{"rendered":"http:\/\/kajakas.test\/?page_id=96"},"modified":"2025-12-18T19:24:19","modified_gmt":"2025-12-18T17:24:19","slug":"privacy-policy","status":"publish","type":"page","link":"https:\/\/kajakaspizza.ee\/en\/privacy-policy\/","title":{"rendered":"Privacy Policy and Terms of Use"},"content":{"rendered":"<p class=\"\">1.1 E-poe kasutustingimusi (\u201c<strong>Tingimused<\/strong>\u201d) kohaldatakse k\u00f5ikidele \u00f5igussuhetele, toodete (&#8220;<strong>Toode<\/strong>&#8220;) pakkumistele, tellimustele, m\u00fc\u00fcgitehingutele, mis leiavad aset e-poe kasutaja (\u201c<strong>Klient<\/strong>\u201d) ja e-poe www.kajakaspizza.ee (\u201c<strong>E-pood<\/strong>\u201d) omaniku Kajakas Pizza O\u00dc (\u201c<strong>Veebipood<\/strong>\u201d), registrikood 14783201, k\u00e4ibemaksukohustuslase number EE102181982, tegevuskoha aadress Pirita tee 20a\/1-1 Tallinn Harjumaa 12011 Eesti, vahel.<\/p>\n<p class=\"\">1.2 Lisaks Tingimustele reguleerivad E-poe kasutamise k\u00e4igus tekkivaid \u00f5igussuhteid kehtivad Eesti Vabariigi \u00f5igusaktid.<\/p>\n<p class=\"\">1.3 Veebipood v\u00f5ib igal ajal Tingimusi muuta. Tingimuste muudatused avaldatakse veebilehel kajakaspizza.ee ja need j\u00f5ustuvad koheselt peale avaldamist. E-poodi kasutades ja selle vahendusel tellimust esitades kinnitab Klient, et on Tingimustega n\u00f5ustunud.<\/p>\n<p>&nbsp;<\/p>\n<h3><strong>2. Hinnad<\/strong><\/h3>\n<p class=\"\">2.1 E-poe hinnad on toodud eurodes ning sisaldavad Eestis kehtivat k\u00e4ibemaksu (24%).<\/p>\n<p class=\"\">2.2 Hinnad ei sisalda Toote saatmiskulusid. Saatmiskulud kuvatakse veebipoes enne ostu sooritamist, nii et Kliendil on v\u00f5imalik nendega tutvuda.<\/p>\n<p class=\"\">2.3 Veebipood v\u00f5ib igal ajal muuta E-poest n\u00e4htuvaid hindu. K\u00f5ik muudatused avaldatakse veebilehel www.kajakaspizza.ee ning need j\u00f5ustuvad alates avaldamise hetkest.<\/p>\n<p class=\"\">2.4 Kui Kliendi tellimus on esitatud enne kui hinnamuudatus on avaldatud, siis kohaldatakse Kliendile hinda, mis kehtis ostu sooritamise hetkel.<\/p>\n<p>&nbsp;<\/p>\n<h3><strong>3. Tellimuse esitamine ja maksetingimused<\/strong><\/h3>\n<p class=\"\">3.1 Tellimuse esitamiseks valib Klient veebipoest sobiva Toote ning vajutab Toote lehel nupule \u201d+\u201d. Vajutades seej\u00e4rel ostukorvi nupule saab ostukorvis olevaid tooteid vaadata, koguseid muuta ja eemaldada. Samal lehel saab valida sobiva kohaletoimetamise viisi ning tutvuda saatmiskuludega.<\/p>\n<p class=\"\">3.2 Tellimust esitades sisestab Klient oma andmed &#8211; nime, e-posti aadressi, saatmise aadressi ja telefoni. Korrektselt sisestatud kohaletoimetamise info tagab toote kiire ja probleemideta Kliendini j\u00f5udmise. Peale tellimuse esitamist v\u00f5ib v\u00f5ta Veebipood kliendiga \u00fchendust, et vajadusel veel tellimuse detaile t\u00e4psustada.<\/p>\n<p class=\"\">3.3 Toote eest on v\u00f5imalik tasuda pangalingi kaudu. Klient tasub tellimust kinnitades 100% toote hinnast.<\/p>\n<p class=\"\">3.4 Leping on s\u00f5lmitud hetkest, mil makse j\u00f5uab Veebipoe arveldusarvele.<\/p>\n<p>&nbsp;<\/p>\n<h3><strong>4. Toote kohaletoimetamine<\/strong><\/h3>\n<p class=\"\">4.1 Veebipood toimetab nii, et tuleb tootele ise j\u00e4rele tulla (aadressile Pirita tee 20a\/1-1 Tallinn vastavalt kohviku lahtiolekuaegadele).<\/p>\n<p class=\"\">4.2 Tooted valmistatakse telllimuse peale.<\/p>\n<p>&nbsp;<\/p>\n<h3><strong>5. Isikuandmete kasutamine ja kaitse<\/strong><\/h3>\n<p class=\"\">5.1 Klient annab Veebipoele n\u00f5usoleku enda isikuandmete t\u00f6\u00f6tlemiseks.<\/p>\n<p class=\"\">Kliendi poolt tellimuse esitamisel sisestatud andmed s\u00e4ilitatakse Veebipoe poolt, eesm\u00e4rgiga t\u00e4ita Kliendi esitatud Toote tellimus ning arendada Veebipoe poolt Kliendile pakutavat teenust.<\/p>\n<p class=\"\">5.2 Registreeritavate isikuandmete hulka kuuluvad andmed Kliendi tellimuse kohta &#8211; Kliendi nimi, ettev\u00f5tte nimi (kui kohaldub), aadress, e-posti aadress, telefoninumber, kasutatud makseviis ja valitud toote andmed.<\/p>\n<p class=\"\">5.3 Veebipood v\u00f5ib edastada Kliendi isikuandmeid, mis on vajalikud Toote kohaletoimetamiseks kulleriteenust osutavale ettev\u00f5ttele.<\/p>\n<p class=\"\">5.4 Isikuandmete kaitse on tagatud k\u00f5igi seadusest tulenevate turvameetmetega.<\/p>\n<p class=\"\">Veebipood ei edasta registreeritud isikuandmeid kolmandatele isikutele, v\u00e4lja arvatud seaduses ette n\u00e4htud juhtudel.<\/p>\n<p class=\"\">5.5 Kliendil on \u00f5igus kontrollida teda ennast puudutavaid isikuandmeid ning paluda neid muuta v\u00f5i k\u00f5rvaldada oma isikuandmed andmebaasist.<\/p>\n<p class=\"\">5.6 Veebipood v\u00f5ib Kliendi n\u00f5usolekul saata Kliendile m\u00fc\u00fcgipakkumisi, uudiskirju, k\u00fcsitlusi ja teisi teateid tellimuse esitamisel sisestatud Kliendi e-posti aadressil.<\/p>\n<p>&nbsp;<\/p>\n<h3><strong>6. Vastutus ja v\u00e4\u00e4ramatu j\u00f5ud<\/strong><\/h3>\n<p class=\"\">6.1 Pooled vabanevad lepingust tulenevate ja sellega seotud kohustuste t\u00e4itmisest osaliselt v\u00f5i t\u00e4ielikult, kui seda takistab v\u00e4\u00e4ramatu j\u00f5ud, kusjuures pooled on kohustatud rakendama k\u00f5iki meetmeid, et \u00e4ra hoida teisele poolele kahju tekitamine ja tagada v\u00f5imalikult suures ulatuses lepingu t\u00e4itmine. V\u00e4\u00e4ramatu j\u00f5u esinemine peab olema t\u00f5endatud selle poole poolt, kes soovib viidata nimetatud asjaoludele kui alusele, et vabaneda seadusest tulenevast ja\/v\u00f5i lepingus s\u00e4testatud vastutusest endale lepinguga v\u00f5etud kohustuste mittet\u00e4itmise v\u00f5i mittevastava t\u00e4itmise eest. V\u00e4\u00e4ramatuks j\u00f5uks ei ole lepingu t\u00e4henduses poole majandusliku olukorra muutus, halvad ilmastikuolud, hinnat\u00f5us, puhkus, pankrot ega ka pankrotihoiatus v\u00f5i hagi tagamine.<\/p>\n<p class=\"\">6.2 Veebipoe igasugune vastutus on piiratud Toote maksumusega.<\/p>\n<p class=\"\">6.3 Lingid, mis viivad veebipoest teistele veebilehek\u00fclgedele ei ole Veebipoe kontrolli all ning Veebipood ei vastuta mistahes kahjude eest, mis v\u00f5ivad tekkida seoses vastavate linkide kasutamisega.<\/p>\n<p>&nbsp;<\/p>\n<h3><strong>7. Kohaldatav \u00f5igus<\/strong><\/h3>\n<p class=\"\">7.1 Tingimustele kohaldatakse Eesti \u00f5igust.<\/p>\n<p class=\"\">7.2 K\u00f5ik vaidlused kliendi ja Veebipoe vahel lahendatakse l\u00e4bir\u00e4\u00e4kimiste teel. Juhul kui kompromissile ei j\u00f5uta on kliendil \u00f5igus p\u00f6\u00f6rduda Tarbijakaitseametisse v\u00f5i Harju Maakohtusse.<\/p>\n","protected":false},"excerpt":{"rendered":"<p>1.1 E-poe kasutustingimusi (\u201cTingimused\u201d) kohaldatakse k\u00f5ikidele \u00f5igussuhetele, toodete (&#8220;Toode&#8220;) pakkumistele, tellimustele, m\u00fc\u00fcgitehingutele, mis leiavad aset e-poe kasutaja (\u201cKlient\u201d) ja e-poe www.kajakaspizza.ee (\u201cE-pood\u201d) omaniku Kajakas Pizza O\u00dc (\u201cVeebipood\u201d), registrikood 14783201, k\u00e4ibemaksukohustuslase number EE102181982, tegevuskoha aadress Pirita tee 20a\/1-1 Tallinn Harjumaa 12011 Eesti, vahel. 1.2 Lisaks Tingimustele reguleerivad E-poe kasutamise k\u00e4igus tekkivaid \u00f5igussuhteid kehtivad Eesti Vabariigi \u00f5igusaktid. [&hellip;]<\/p>\n","protected":false},"author":1,"featured_media":0,"parent":0,"menu_order":0,"comment_status":"closed","ping_status":"closed","template":"terms.php","meta":[],"_links":{"self":[{"href":"https:\/\/kajakaspizza.ee\/en\/wp-json\/wp\/v2\/pages\/96"}],"collection":[{"href":"https:\/\/kajakaspizza.ee\/en\/wp-json\/wp\/v2\/pages"}],"about":[{"href":"https:\/\/kajakaspizza.ee\/en\/wp-json\/wp\/v2\/types\/page"}],"author":[{"embeddable":true,"href":"https:\/\/kajakaspizza.ee\/en\/wp-json\/wp\/v2\/users\/1"}],"replies":[{"embeddable":true,"href":"https:\/\/kajakaspizza.ee\/en\/wp-json\/wp\/v2\/comments?post=96"}],"version-history":[{"count":9,"href":"https:\/\/kajakaspizza.ee\/en\/wp-json\/wp\/v2\/pages\/96\/revisions"}],"predecessor-version":[{"id":3513,"href":"https:\/\/kajakaspizza.ee\/en\/wp-json\/wp\/v2\/pages\/96\/revisions\/3513"}],"wp:attachment":[{"href":"https:\/\/kajakaspizza.ee\/en\/wp-json\/wp\/v2\/media?parent=96"}],"curies":[{"name":"wp","href":"https:\/\/api.w.org\/{rel}","templated":true}]}}